{"id":3201,"date":"2022-05-11T09:55:34","date_gmt":"2022-05-11T09:55:34","guid":{"rendered":"http:\/\/test.loc\/?page_id=3201"},"modified":"2024-10-28T05:39:00","modified_gmt":"2024-10-28T05:39:00","slug":"nosotros","status":"publish","type":"page","link":"https:\/\/www.automovilesviaiquique.com.py\/v3\/nosotros\/","title":{"rendered":"La Empresa"},"content":{"rendered":"\t\t<div data-elementor-type=\"wp-page\" data-elementor-id=\"3201\" class=\"elementor elementor-3201\">\n\t\t\t\t\t\t<section class=\"elementor-section elementor-top-section elementor-element elementor-element-6f232903 elementor-section-boxed elementor-section-height-default elementor-section-height-default\" data-id=\"6f232903\" data-element_type=\"section\">\n\t\t\t\t\t\t<div class=\"elementor-container elementor-column-gap-default\">\n\t\t\t\t\t<div class=\"elementor-column elementor-col-100 elementor-top-column elementor-element elementor-element-19ed0e17\" data-id=\"19ed0e17\" data-element_type=\"column\">\n\t\t\t<div class=\"elementor-widget-wrap elementor-element-populated\">\n\t\t\t\t\t\t<div class=\"elementor-element elementor-element-13b4437d elementor-widget elementor-widget-text-editor\" data-id=\"13b4437d\" data-element_type=\"widget\" data-widget_type=\"text-editor.default\">\n\t\t\t\t<div class=\"elementor-widget-container\">\n\t\t\t\t\t\t\t<p><img fetchpriority=\"high\" decoding=\"async\" class=\"wp-image-3787 size-large alignnone\" src=\"https:\/\/www.automovilesviaiquique.com.py\/v3\/wp-content\/uploads\/2024\/10\/via-iq-1024x414.jpg\" alt=\"\" width=\"1024\" height=\"414\" srcset=\"https:\/\/www.automovilesviaiquique.com.py\/v3\/wp-content\/uploads\/2024\/10\/via-iq-1024x414.jpg 1024w, https:\/\/www.automovilesviaiquique.com.py\/v3\/wp-content\/uploads\/2024\/10\/via-iq-300x121.jpg 300w, https:\/\/www.automovilesviaiquique.com.py\/v3\/wp-content\/uploads\/2024\/10\/via-iq-255x103.jpg 255w, https:\/\/www.automovilesviaiquique.com.py\/v3\/wp-content\/uploads\/2024\/10\/via-iq-510x206.jpg 510w, https:\/\/www.automovilesviaiquique.com.py\/v3\/wp-content\/uploads\/2024\/10\/via-iq-280x113.jpg 280w, https:\/\/www.automovilesviaiquique.com.py\/v3\/wp-content\/uploads\/2024\/10\/via-iq-560x227.jpg 560w, https:\/\/www.automovilesviaiquique.com.py\/v3\/wp-content\/uploads\/2024\/10\/via-iq-350x142.jpg 350w, https:\/\/www.automovilesviaiquique.com.py\/v3\/wp-content\/uploads\/2024\/10\/via-iq-700x283.jpg 700w, https:\/\/www.automovilesviaiquique.com.py\/v3\/wp-content\/uploads\/2024\/10\/via-iq-398x161.jpg 398w, https:\/\/www.automovilesviaiquique.com.py\/v3\/wp-content\/uploads\/2024\/10\/via-iq-796x322.jpg 796w, https:\/\/www.automovilesviaiquique.com.py\/v3\/wp-content\/uploads\/2024\/10\/via-iq.jpg 1335w\" sizes=\"(max-width: 1024px) 100vw, 1024px\" \/><\/p><h3>Nosotros<\/h3><p style=\"margin-bottom: 26px;\">Somos una empresa paraguaya con amplia experiencia en ventas de autom\u00f3viles usados de gran calidad, nuestra filosof\u00eda de calidad en nuestros veh\u00edculos hace que seamos una de las mejores empresas de venta de veh\u00edculos usados en Paraguay, siguiendo rigurosas normas de control garantizamos al cliente la compra de un buen veh\u00edculo al mejor precio de plaza del mercado.<\/p><p><em>\u00a0\u2014 FRANCISCO LOPEZ, Gerente Propietario.<\/em><\/p><p>\u00a0<\/p><h3>MISI\u00d3N<\/h3><hr \/><p>* Vender la mejor calidad en veh\u00edculos a nuestros apreciados clientes.<br \/>* Dar el mejor respaldo de mano de profesionales a nuestros clientes.<br \/>* Brindar un medio de transporte seguro, veh\u00edculos de calidad a buen precio a la ciudadan\u00eda.<\/p><h3>VISI\u00d3N<\/h3><hr \/><p>* Ser reconocida como la mejor playa de venta de veh\u00edculos usados en Paraguay.<br \/>* Brindar m\u00e1s servicios de calidad a nuestros clientes.<\/p><p>\u00a0<\/p><p><img decoding=\"async\" class=\"alignnone size-large wp-image-3789\" src=\"https:\/\/www.automovilesviaiquique.com.py\/v3\/wp-content\/uploads\/2024\/10\/autts-1024x613.jpg\" alt=\"\" width=\"1024\" height=\"613\" srcset=\"https:\/\/www.automovilesviaiquique.com.py\/v3\/wp-content\/uploads\/2024\/10\/autts-1024x613.jpg 1024w, https:\/\/www.automovilesviaiquique.com.py\/v3\/wp-content\/uploads\/2024\/10\/autts-300x180.jpg 300w, https:\/\/www.automovilesviaiquique.com.py\/v3\/wp-content\/uploads\/2024\/10\/autts-255x153.jpg 255w, https:\/\/www.automovilesviaiquique.com.py\/v3\/wp-content\/uploads\/2024\/10\/autts-510x305.jpg 510w, https:\/\/www.automovilesviaiquique.com.py\/v3\/wp-content\/uploads\/2024\/10\/autts-280x168.jpg 280w, https:\/\/www.automovilesviaiquique.com.py\/v3\/wp-content\/uploads\/2024\/10\/autts-560x335.jpg 560w, https:\/\/www.automovilesviaiquique.com.py\/v3\/wp-content\/uploads\/2024\/10\/autts-350x210.jpg 350w, https:\/\/www.automovilesviaiquique.com.py\/v3\/wp-content\/uploads\/2024\/10\/autts-700x419.jpg 700w, https:\/\/www.automovilesviaiquique.com.py\/v3\/wp-content\/uploads\/2024\/10\/autts-398x238.jpg 398w, https:\/\/www.automovilesviaiquique.com.py\/v3\/wp-content\/uploads\/2024\/10\/autts-796x476.jpg 796w, https:\/\/www.automovilesviaiquique.com.py\/v3\/wp-content\/uploads\/2024\/10\/autts.jpg 1298w\" sizes=\"(max-width: 1024px) 100vw, 1024px\" \/><\/p><p>\u00a0<\/p><p>\u00a0<\/p>\t\t\t\t\t\t<\/div>\n\t\t\t\t<\/div>\n\t\t\t\t\t<\/div>\n\t\t<\/div>\n\t\t\t\t\t<\/div>\n\t\t<\/section>\n\t\t\t\t<\/div>\n\t\t","protected":false},"excerpt":{"rendered":"<p>Nosotros Somos una empresa paraguaya con amplia experiencia en ventas de autom\u00f3viles usados de gran calidad, nuestra filosof\u00eda de calidad en nuestros veh\u00edculos hace que seamos una de las mejores empresas de venta de veh\u00edculos usados en Paraguay, siguiendo rigurosas normas de control garantizamos al cliente la compra de un buen veh\u00edculo al mejor precio&#8230;<\/p>\n","protected":false},"author":1,"featured_media":0,"parent":0,"menu_order":0,"comment_status":"closed","ping_status":"closed","template":"","meta":{"_joinchat":[],"footnotes":""},"class_list":["post-3201","page","type-page","status-publish","hentry"],"_links":{"self":[{"href":"https:\/\/www.automovilesviaiquique.com.py\/v3\/wp-json\/wp\/v2\/pages\/3201"}],"collection":[{"href":"https:\/\/www.automovilesviaiquique.com.py\/v3\/wp-json\/wp\/v2\/pages"}],"about":[{"href":"https:\/\/www.automovilesviaiquique.com.py\/v3\/wp-json\/wp\/v2\/types\/page"}],"author":[{"embeddable":true,"href":"https:\/\/www.automovilesviaiquique.com.py\/v3\/wp-json\/wp\/v2\/users\/1"}],"replies":[{"embeddable":true,"href":"https:\/\/www.automovilesviaiquique.com.py\/v3\/wp-json\/wp\/v2\/comments?post=3201"}],"version-history":[{"count":12,"href":"https:\/\/www.automovilesviaiquique.com.py\/v3\/wp-json\/wp\/v2\/pages\/3201\/revisions"}],"predecessor-version":[{"id":3800,"href":"https:\/\/www.automovilesviaiquique.com.py\/v3\/wp-json\/wp\/v2\/pages\/3201\/revisions\/3800"}],"wp:attachment":[{"href":"https:\/\/www.automovilesviaiquique.com.py\/v3\/wp-json\/wp\/v2\/media?parent=3201"}],"curies":[{"name":"wp","href":"https:\/\/api.w.org\/{rel}","templated":true}]}}